{"id":1635,"date":"2022-07-25T11:16:22","date_gmt":"2022-07-25T11:16:22","guid":{"rendered":"https:\/\/verdinofoods.com\/?page_id=1635"},"modified":"2022-07-25T11:21:52","modified_gmt":"2022-07-25T11:21:52","slug":"datenschutzrichtlinie","status":"publish","type":"page","link":"https:\/\/verdinofoods.com\/de\/datenschutzrichtlinie\/","title":{"rendered":"Datenschutzrichtlinie"},"content":{"rendered":"<p>Diese Datenschutzrichtlinie beschreibt, wie Ihre pers\u00f6nlichen Daten gesammelt, verwendet und weitergegeben werden, wenn Sie die Website www.verdinofoods.com besuchen.<\/p>\n<p>&nbsp;<\/p>\n<p><strong>PERS\u00d6NLICHE INFORMATIONEN, DIE WIR SAMMELN<\/strong><\/p>\n<p>Wenn Sie die Website besuchen, erfassen wir automatisch bestimmte Informationen \u00fcber Ihr Ger\u00e4t, einschlie\u00dflich Informationen \u00fcber Ihren Webbrowser, Ihre IP-Adresse, Ihre Zeitzone und einige auf Ihrem Ger\u00e4t installierte Cookies. Wenn Sie auf der Website surfen, erfassen wir au\u00dferdem Informationen \u00fcber die einzelnen Webseiten oder Produkte, die Sie sich ansehen, welche Websites oder Suchbegriffe Sie auf die Website verwiesen haben und Informationen dar\u00fcber, wie Sie mit der Website interagieren. Wir bezeichnen diese automatisch erfassten Informationen als Ger\u00e4teinformationen.<\/p>\n<p>Wir erfassen Ger\u00e4teinformationen mithilfe der folgenden Technologien:<\/p>\n<p>&#8211; Cookies sind Datendateien, die auf Ihrem Ger\u00e4t oder Computer gespeichert werden und h\u00e4ufig eine anonyme eindeutige Kennung enthalten. Weitere Informationen \u00fcber Cookies und wie Sie Cookies deaktivieren k\u00f6nnen, finden Sie unter <a href=\"http:\/\/www.allaboutcookies.org\" target=\"_blank\" rel=\"noopener\">http:\/\/www.allaboutcookies.org<\/a> .<\/p>\n<p>&#8211; Aktionen zur Verfolgung von &#8222;Protokolldateien&#8220;, die auf der Website erscheinen und Daten wie IP-Adresse, Browsertyp, Internetdienstanbieter, Verweis-\/Ausgangsseiten und Datums-\/Zeitstempelaufzeichnungen sammeln.<\/p>\n<p>&#8211; Tags und Pixel sind elektronische Dateien, die zur Aufzeichnung von Informationen dar\u00fcber dienen, wie Sie auf der Website navigieren.<\/p>\n<p>Wenn Sie sich \u00fcber die Website auf eine offene Stelle bewerben, erfassen wir au\u00dferdem bestimmte Daten von Ihnen, darunter Ihren Namen, Ihre Adresse, Ihre E-Mail-Adresse und Ihre Telefonnummer. Wir bezeichnen diese Informationen als Bewerbung f\u00fcr eine offene Stelle.<\/p>\n<p>Wenn wir in dieser Datenschutzrichtlinie von pers\u00f6nlichen Daten sprechen, beziehen wir uns sowohl auf Ger\u00e4te- als auch auf Bewerbungsdaten.<\/p>\n<p><strong>\u00a0<\/strong><\/p>\n<p><strong>WIE VERWENDEN WIR PERS\u00d6NLICHE INFORMATIONEN?<\/strong><\/p>\n<p>Wir verwenden die von uns gesammelten Informationen \u00fcber Sie im Allgemeinen, um den Auswahlprozess f\u00fcr \u00fcber die Website verf\u00fcgbare Stellen voranzutreiben:<\/p>\n<p>&#8211; Mit Ihnen zu kommunizieren;<\/p>\n<p>In \u00dcbereinstimmung mit den Pr\u00e4ferenzen, die Sie uns mitgeteilt haben, werden wir Ihnen Informationen \u00fcber offene Stellen oder unsere Dienstleistungen zukommen lassen.<\/p>\n<p>Wir verwenden die von uns gesammelten Ger\u00e4teinformationen, um uns bei der \u00dcberwachung potenzieller Risiken (insbesondere der IP-Adresse) zu unterst\u00fctzen und unsere Website allgemein zu verbessern und zu optimieren (z. B. durch die Erstellung von Analysen dar\u00fcber, wie unsere Kunden auf der Website surfen und mit ihr interagieren, und um den Erfolg unserer Marketing- und Werbekampagnen zu bewerten).<\/p>\n<p><strong>WEITERGABE VON PERS\u00d6NLICHEN INFORMATIONEN &amp; DATENSPEICHERUNG<\/strong><\/p>\n<p>Wenn Sie sich auf eine offene Stelle bei Verdino Green Foods SRL bewerben, sind Sie verpflichtet, Ihre Daten f\u00fcr unsere Unterlagen aufzubewahren, es sei denn, Sie bitten uns, diese Daten zu l\u00f6schen.<\/p>\n<p>Wir geben personenbezogene Daten, die als notwendig erachtet werden, an Dritte weiter, z. B. an die Abteilungsleiter, die f\u00fcr die Besetzung der offenen Stelle zust\u00e4ndig sind, und an die verantwortlichen Personen in der Personalabteilung, um uns bei der Durchf\u00fchrung des Auswahlverfahrens zu helfen.<\/p>\n<p>Wir verwenden auch Google Analytics, um zu verstehen, wie unsere Kunden die Website nutzen &#8211; Sie k\u00f6nnen hier mehr dar\u00fcber lesen, wie Google Ihre pers\u00f6nlichen Daten verwendet: <a href=\"https:\/\/www.google.com\/intl\/ro\/policies\/privacy\" target=\"_blank\" rel=\"noopener\">https:\/\/www.google.com\/intl\/ro\/policies\/privacy<\/a> \/. Sie k\u00f6nnen Google Analytics auch hier deaktivieren: <a href=\"https:\/\/tools.google.com\/dlpage\/gaoptout\" target=\"_blank\" rel=\"noopener\">https:\/\/tools.google.com\/dlpage\/gaoptout<\/a> .<\/p>\n<p>Schlie\u00dflich k\u00f6nnen wir Ihre personenbezogenen Daten auch weitergeben, um geltende Gesetze und Vorschriften einzuhalten, um auf eine Vorladung, einen Durchsuchungsbefehl oder ein anderes rechtliches Ersuchen um Informationen zu reagieren, die wir erhalten, oder um unsere Rechte anderweitig zu sch\u00fctzen.<\/p>\n<p>DO NOT TRACK Bitte beachten Sie, dass wir unsere Datenerfassungs- und Website-Nutzungspraktiken nicht \u00e4ndern, wenn wir das DO NOT TRACK-Zeichen in Ihrem Browser sehen. In diesem Fall werden nur die f\u00fcr Ihre Bewerbung erforderlichen Daten verwendet, nicht aber statistische, funktionale oder Marketing-Informationen (Profiling).<\/p>\n<p>IHRE RECHTE<\/p>\n<p>Wenn Sie in Europa ans\u00e4ssig sind, haben Sie das Recht, auf die von uns \u00fcber Sie gespeicherten personenbezogenen Daten zuzugreifen und zu verlangen, dass diese korrigiert, aktualisiert oder gel\u00f6scht werden. Wenn Sie dieses Recht aus\u00fcben m\u00f6chten, wenden Sie sich bitte an hallo@verdinofoods.com.<\/p>\n<p>Wenn Sie in Europa ans\u00e4ssig sind, beachten Sie bitte au\u00dferdem, dass wir Ihre Daten verarbeiten, um Vertr\u00e4ge zu erf\u00fcllen, die wir mit Ihnen geschlossen haben (z. B. wenn Sie sich auf eine \u00fcber die Website angebotene Stelle bewerben), oder um Ihre oben genannten berechtigten Gesch\u00e4ftsinteressen zu verfolgen.<\/p>\n<p>\u00c4NDERUNGEN<\/p>\n<p>Wir behalten uns vor, diese Datenschutzerkl\u00e4rung von Zeit zu Zeit zu aktualisieren, um z. B. \u00c4nderungen unserer Praktiken oder anderen betrieblichen, rechtlichen oder regulatorischen Gr\u00fcnden Rechnung zu tragen.<\/p>\n<p>KONTAKT<\/p>\n<p>Wenn Sie weitere Informationen \u00fcber unsere Datenschutzpraktiken w\u00fcnschen, Fragen haben oder eine Beschwerde einreichen m\u00f6chten, wenden Sie sich bitte per E-Mail oder auf dem Postweg an die folgende Adresse:<\/p>\n<p>Verdino Green Foods Deutschland GmbH, Moritzstra\u00dfe 18, 13597 Berlin<\/p>\n","protected":false},"excerpt":{"rendered":"<p>Diese Datenschutzrichtlinie beschreibt, wie Ihre pers\u00f6nlichen Daten gesammelt, verwendet und weitergegeben werden, wenn Sie die Website www.verdinofoods.com besuchen. &nbsp; PERS\u00d6NLICHE INFORMATIONEN, DIE WIR SAMMELN Wenn Sie die Website besuchen, erfassen wir automatisch bestimmte Informationen \u00fcber Ihr Ger\u00e4t, einschlie\u00dflich Informationen \u00fcber Ihren Webbrowser, Ihre IP-Adresse, Ihre Zeitzone und einige auf Ihrem Ger\u00e4t installierte Cookies. Wenn Sie [&hellip;]<\/p>\n","protected":false},"author":3,"featured_media":0,"parent":0,"menu_order":0,"comment_status":"closed","ping_status":"closed","template":"","meta":{"_acf_changed":false,"footnotes":""},"class_list":["post-1635","page","type-page","status-publish","hentry"],"acf":[],"_links":{"self":[{"href":"https:\/\/verdinofoods.com\/de\/wp-json\/wp\/v2\/pages\/1635","targetHints":{"allow":["GET"]}}],"collection":[{"href":"https:\/\/verdinofoods.com\/de\/wp-json\/wp\/v2\/pages"}],"about":[{"href":"https:\/\/verdinofoods.com\/de\/wp-json\/wp\/v2\/types\/page"}],"author":[{"embeddable":true,"href":"https:\/\/verdinofoods.com\/de\/wp-json\/wp\/v2\/users\/3"}],"replies":[{"embeddable":true,"href":"https:\/\/verdinofoods.com\/de\/wp-json\/wp\/v2\/comments?post=1635"}],"version-history":[{"count":2,"href":"https:\/\/verdinofoods.com\/de\/wp-json\/wp\/v2\/pages\/1635\/revisions"}],"predecessor-version":[{"id":2378,"href":"https:\/\/verdinofoods.com\/de\/wp-json\/wp\/v2\/pages\/1635\/revisions\/2378"}],"wp:attachment":[{"href":"https:\/\/verdinofoods.com\/de\/wp-json\/wp\/v2\/media?parent=1635"}],"curies":[{"name":"wp","href":"https:\/\/api.w.org\/{rel}","templated":true}]}}