{"id":1637,"date":"2022-07-25T11:22:36","date_gmt":"2022-07-25T11:22:36","guid":{"rendered":"https:\/\/verdinofoods.com\/?page_id=1637"},"modified":"2024-05-14T12:43:28","modified_gmt":"2024-05-14T12:43:28","slug":"impressum","status":"publish","type":"page","link":"https:\/\/verdinofoods.com\/de\/impressum\/","title":{"rendered":"Impressum"},"content":{"rendered":"<p><span class=\"LineBreakBlob BlobObject DragDrop SCXW43505233 BCX0\"><strong>Gesetzliche Anbieterkennung:<\/strong><\/span><\/p>\n<p>Verdino Green Foods Deutschland GmbH<br \/>\ndiese vertr. d. d. Gesch\u00e4ftsf\u00fchrer Alexandru George Jeican und Dorian Macovei<br \/>\nKurf\u00fcrstendamm 15<br \/>\n10719 Berlin<br \/>\nDeutschland<br \/>\nTelefon: <a href=\"callto:+49307009606\">+49 30 220 131 025<\/a><br \/>\nE-Mail:\u00a0<a href=\"mailto:hallo@verdinofoods.com\">hallo@verdinofoods.com<\/a><\/p>\n<p>USt-IdNr.: DE345829869<br \/>\n<strong>eingetragen im Handelsregister des Amtsgerichtes Charlottenburg(Berlin)<br \/>\nHandelsregisternummer HRB 226145B<\/strong><\/p>\n<p><strong>Inhaltlich Verantwortlicher gem\u00e4\u00df \u00a7 18 Abs. 2 MStV:<\/strong><br \/>\nHerr Alexandru George Jeican und Dorian Macovei<br \/>\nKurf\u00fcrstendamm 15<br \/>\n10719 Berlin<\/p>\n","protected":false},"excerpt":{"rendered":"<p>Gesetzliche Anbieterkennung: Verdino Green Foods Deutschland GmbH diese vertr. d. d. Gesch\u00e4ftsf\u00fchrer Alexandru George Jeican und Dorian Macovei Kurf\u00fcrstendamm 15 10719 Berlin Deutschland Telefon: +49 30 220 131 025 E-Mail:\u00a0hallo@verdinofoods.com USt-IdNr.: DE345829869 eingetragen im Handelsregister des Amtsgerichtes Charlottenburg(Berlin) Handelsregisternummer HRB 226145B Inhaltlich Verantwortlicher gem\u00e4\u00df \u00a7 18 Abs. 2 MStV: Herr Alexandru George Jeican und Dorian [&hellip;]<\/p>\n","protected":false},"author":3,"featured_media":0,"parent":0,"menu_order":0,"comment_status":"closed","ping_status":"closed","template":"","meta":{"_acf_changed":false,"footnotes":""},"class_list":["post-1637","page","type-page","status-publish","hentry"],"acf":[],"_links":{"self":[{"href":"https:\/\/verdinofoods.com\/de\/wp-json\/wp\/v2\/pages\/1637","targetHints":{"allow":["GET"]}}],"collection":[{"href":"https:\/\/verdinofoods.com\/de\/wp-json\/wp\/v2\/pages"}],"about":[{"href":"https:\/\/verdinofoods.com\/de\/wp-json\/wp\/v2\/types\/page"}],"author":[{"embeddable":true,"href":"https:\/\/verdinofoods.com\/de\/wp-json\/wp\/v2\/users\/3"}],"replies":[{"embeddable":true,"href":"https:\/\/verdinofoods.com\/de\/wp-json\/wp\/v2\/comments?post=1637"}],"version-history":[{"count":8,"href":"https:\/\/verdinofoods.com\/de\/wp-json\/wp\/v2\/pages\/1637\/revisions"}],"predecessor-version":[{"id":2387,"href":"https:\/\/verdinofoods.com\/de\/wp-json\/wp\/v2\/pages\/1637\/revisions\/2387"}],"wp:attachment":[{"href":"https:\/\/verdinofoods.com\/de\/wp-json\/wp\/v2\/media?parent=1637"}],"curies":[{"name":"wp","href":"https:\/\/api.w.org\/{rel}","templated":true}]}}