{"id":1625,"date":"2022-07-25T11:16:22","date_gmt":"2022-07-25T11:16:22","guid":{"rendered":"https:\/\/verdinofoods.com\/?page_id=1625"},"modified":"2024-05-21T12:15:25","modified_gmt":"2024-05-21T12:15:25","slug":"politica-de-confidentialitate","status":"publish","type":"page","link":"https:\/\/verdinofoods.com\/ro\/politica-de-confidentialitate\/","title":{"rendered":"Politica de Confiden\u021bialitate"},"content":{"rendered":"<p>Aceast\u0103 politic\u0103 de confiden\u021bialitate descrie modul \u00een care informa\u021biile dvs. personale sunt colectate, utilizate \u0219i distribuite atunci c\u00e2nd vizita\u021bi websiteul <a href=\"http:\/\/www.verdinofoods.com\">www.verdinofoods.com<\/a><\/p>\n<p>&nbsp;<\/p>\n<p><strong>INFORMA\u021aII PERSONALE PE CARE LE COLECTAM<\/strong><\/p>\n<p>C\u00e2nd vizita\u021bi site-ul, colect\u0103m automat anumite informa\u021bii despre dispozitivul dvs., inclusiv informa\u021bii despre browserul dvs. web, adresa IP, fusul orar \u0219i unele cookie-uri instalate pe dispozitiv. \u00cen plus, pe m\u0103sur\u0103 ce r\u0103sfoi\u021bi pagini din site, colect\u0103m informa\u021bii despre paginile web individuale sau produsele pe care le vizualiza\u021bi, ce site-uri web sau termeni de c\u0103utare v-au referit la site \u0219i informa\u021bii despre cum interac\u021biona\u021bi cu site-ul. Ne referim la aceste informa\u021bii colectate automat ca\u00a0<em>Informa\u021bii despre dispozitiv<\/em>.<\/p>\n<p>Colect\u0103m informa\u021biile despre dispozitiv folosind urm\u0103toarele tehnologii:<\/p>\n<ul>\n<li><em>Cookie-urile<\/em>\u00a0sunt fi\u0219iere de date care sunt plasate pe dispozitiv sau pe computer \u0219i con\u021bin adesea un identificator unic anonim. Pentru mai multe informa\u021bii despre cookie-uri \u0219i despre modul de dezactivare a cookie-urilor, vizita\u021bi\u00a0<a href=\"http:\/\/www.allaboutcookies.org\/\" target=\"_blank\" rel=\"noopener\">http:\/\/www.allaboutcookies.org<\/a>.<\/li>\n<li>ac\u021biuni de urm\u0103rire a &#8222;fi\u0219ierelor de jurnal&#8221; care apar pe site \u0219i colectarea datelor, inclusiv adresa IP, tipul browserului, furnizorul de servicii Internet, paginile de trimitere \/ ie\u0219ire \u0219i inregistarile de dat\u0103 \/ or\u0103.<\/li>\n<li><em>etichetele<\/em>\u00a0\u0219i\u00a0<em>pixelii<\/em>\u00a0sunt fi\u0219iere electronice utilizate pentru a \u00eenregistra informa\u021bii despre modul \u00een care naviga\u021bi pe site.<\/li>\n<\/ul>\n<p>\u00cen plus, atunci c\u00e2nd aplica\u021bi la o pozi\u021bie deschis\u0103 prin intermediul site-ului, colect\u0103m anumite informa\u021bii de la dvs., inclusiv numele dvs., adresa, adresa de e-mail \u0219i num\u0103rul de telefon. Facem referire la aceste informa\u021bii ca\u00a0<em>Informa\u021bii privind aplicarea pentru un post disponibil<\/em>.<\/p>\n<p>C\u00e2nd vorbim despre\u00a0<em>Informa\u021bii personale<\/em>\u00a0\u00een aceast\u0103 politic\u0103 de confiden\u021bialitate, vorbim at\u00e2t de informa\u021bii despre dispozitive, c\u00e2t \u0219i de Informa\u021bii privind aplicarea <em>pentru un post disponibil<\/em>.<\/p>\n<p>&nbsp;<\/p>\n<p><strong>CUM UTILIZAM INFORMA\u021aIILE PERSONALE ?<\/strong><\/p>\n<p>Utiliz\u0103m informa\u021biile despre dvs. pe care le colect\u0103m, \u00een general, pentru a avansa \u00een procesul de selec\u021bie pentru posturile disponibile prin intermediul site-ului, pentru:<\/p>\n<ul>\n<li>Comunicarea cu dvs;<\/li>\n<\/ul>\n<p>\u00cen conformitate cu preferin\u021bele pe care le-a\u021bi \u00eemp\u0103rt\u0103\u0219it cu noi, v\u0103 vom oferi informa\u021bii sau pozi\u021biile deschise sau serviciile noastre.<\/p>\n<p>Utiliz\u0103m informa\u021biile despre dispozitiv pe care le colect\u0103m pentru a ne ajuta s\u0103 monitoriz\u0103m poten\u021bialele riscuri (\u00een special adresa IP) \u0219i, \u00een general, s\u0103 \u00eembun\u0103t\u0103\u021bim \u0219i s\u0103 optimiz\u0103m site-ul nostru (de exemplu, gener\u00e2nd analize despre modul \u00een care clien\u021bii no\u0219tri navigheaz\u0103 \u0219i interac\u021bioneaz\u0103 cu Site-ul \u0219i pentru a evalua succesul campaniilor noastre de marketing \u0219i publicitate).<\/p>\n<p><strong>\u00ceMPARTASIREA INFORMA\u021aIILOR PERSONALE &amp; RETEN\u021aIA DATELOR<\/strong><\/p>\n<p>C\u00e2nd aplica\u021bi pentru o pozi\u021bie deschis\u0103 \u00een cadrul companiei Verdino Green Foods SRL sunt Necesare, pentru \u00eenregistr\u0103rile noastre, cu excep\u021bia cazului \u00een care \u0219i p\u00e2n\u0103 c\u00e2nd ne cere\u021bi s\u0103 \u0219tergem aceste informa\u021bii.<\/p>\n<p>\u00cemp\u0103rt\u0103\u0219im informa\u021biile personale considerate Necesare cu ter\u021be p\u0103r\u021bi, precum managerii departamentului responsabil pentru ocuparea postului disponibil \u0219i persoanele responsabile din departamentul Resurse Umane, pentru a ne ajuta s\u0103 finaliz\u0103m procesul de selec\u021bie.<\/p>\n<p>De asemenea, folosim Google Analytics pentru a ne ajuta s\u0103 \u00een\u021belegem cum clien\u021bii no\u0219tri utilizeaz\u0103 Site-ul &#8211; pute\u021bi citi mai multe despre modul \u00een care Google utilizeaz\u0103 informa\u021biile dvs. personale aici: <a href=\"https:\/\/www.google.com\/intl\/ro\/policies\/privacy\/\" target=\"_blank\" rel=\"noopener\">https:\/\/www.google.com\/intl\/ro\/policies\/privacy\/<\/a> . De asemenea, pute\u021bi renun\u021ba la Google Analytics aici: <a href=\"https:\/\/tools.google.com\/dlpage\/gaoptout\" target=\"_blank\" rel=\"noopener\">https:\/\/tools.google.com\/dlpage\/gaoptout<\/a> .<\/p>\n<p>\u00cen cele din urm\u0103, putem s\u0103 v\u0103 \u00eemp\u0103rt\u0103\u0219im \u0219i informa\u021biile dvs. personale pentru a respecta legile \u0219i reglement\u0103rile aplicabile, pentru a r\u0103spunde la o cita\u021bie, mandat de c\u0103utare sau alt\u0103 solicitare legal\u0103 pentru informa\u021biile pe care le primim sau pentru a ne proteja \u00een alt mod drepturile.<\/p>\n<p>DO NOT TRACK Re\u021bine\u021bi c\u0103 nu modific\u0103m practicile de colectare a datelor \u0219i de utilizare a site-ului atunci c\u00e2nd vedem semnalul\u00a0<em>Nu urm\u0103ri\u021bi<\/em>\u00a0(DO NOT TRACK) din browserul dvs. In acest caz, se vor folosi doar informatiile Necesare pentru aplica\u021bia dvs., dar nu informatiile Statistice, Functionale sau de Marketing (profilare).<\/p>\n<p>&nbsp;<\/p>\n<p><strong>DREPTURILE TALE<\/strong><\/p>\n<p>Dac\u0103 sunte\u021bi rezident european, ave\u021bi dreptul s\u0103 accesa\u021bi informa\u021biile personale pe care le de\u021binem despre dvs. \u0219i s\u0103 cere\u021bi corectarea, actualizarea sau \u0219tergerea informa\u021biilor dvs. personale. Dac\u0103 dori\u021bi s\u0103 exercita\u021bi acest drept, v\u0103 rug\u0103m s\u0103 ne contacta\u021bi la <a href=\"mailto:salut@verdinofoods.com\">salut@verdinofoods.com<\/a><\/p>\n<p>\u00cen plus, dac\u0103 sunte\u021bi rezident european, re\u021bine\u021bi c\u0103 v\u0103 proces\u0103m informa\u021biile pentru a putea \u00eendeplini contractele pe care le-am putea avea cu dvs. (de exemplu, dac\u0103 aplica\u021bi la un post disponibil prin intermediul site-ului) sau pentru a v\u0103 urm\u0103ri interesele legitime de afaceri enumerate mai sus.<\/p>\n<p><strong>SCHIMB\u0102RI<\/strong><\/p>\n<p>Putem actualiza din c\u00e2nd \u00een c\u00e2nd aceast\u0103 politic\u0103 de confiden\u021bialitate pentru a reflecta, de exemplu, modific\u0103rile aduse practicilor noastre sau din alte motive opera\u021bionale, legale sau de reglementare.<\/p>\n<p><strong>CONTACTEAZA-NE<\/strong><\/p>\n<p>Pentru mai multe informa\u021bii despre practicile noastre de confiden\u021bialitate, dac\u0103 ave\u021bi \u00eentreb\u0103ri sau dac\u0103 dori\u021bi s\u0103 face\u021bi o pl\u00e2ngere, v\u0103 rug\u0103m s\u0103 ne contacta\u021bi prin e-mail la adresa sau prin posta folosind detaliile de mai jos:<\/p>\n<p>Biharia nr. 26, Sector 1, Bucure\u0219ti, etaj 3, Biharia Office<\/p>\n<p>&nbsp;<\/p>\n","protected":false},"excerpt":{"rendered":"<p>Aceast\u0103 politic\u0103 de confiden\u021bialitate descrie modul \u00een care informa\u021biile dvs. personale sunt colectate, utilizate \u0219i distribuite atunci c\u00e2nd vizita\u021bi websiteul www.verdinofoods.com &nbsp; INFORMA\u021aII PERSONALE PE CARE LE COLECTAM C\u00e2nd vizita\u021bi site-ul, colect\u0103m automat anumite informa\u021bii despre dispozitivul dvs., inclusiv informa\u021bii despre browserul dvs. web, adresa IP, fusul orar \u0219i unele cookie-uri instalate pe dispozitiv. \u00cen [&hellip;]<\/p>\n","protected":false},"author":3,"featured_media":0,"parent":0,"menu_order":0,"comment_status":"closed","ping_status":"closed","template":"","meta":{"_acf_changed":false,"footnotes":""},"class_list":["post-1625","page","type-page","status-publish","hentry"],"acf":[],"_links":{"self":[{"href":"https:\/\/verdinofoods.com\/ro\/wp-json\/wp\/v2\/pages\/1625","targetHints":{"allow":["GET"]}}],"collection":[{"href":"https:\/\/verdinofoods.com\/ro\/wp-json\/wp\/v2\/pages"}],"about":[{"href":"https:\/\/verdinofoods.com\/ro\/wp-json\/wp\/v2\/types\/page"}],"author":[{"embeddable":true,"href":"https:\/\/verdinofoods.com\/ro\/wp-json\/wp\/v2\/users\/3"}],"replies":[{"embeddable":true,"href":"https:\/\/verdinofoods.com\/ro\/wp-json\/wp\/v2\/comments?post=1625"}],"version-history":[{"count":3,"href":"https:\/\/verdinofoods.com\/ro\/wp-json\/wp\/v2\/pages\/1625\/revisions"}],"predecessor-version":[{"id":2589,"href":"https:\/\/verdinofoods.com\/ro\/wp-json\/wp\/v2\/pages\/1625\/revisions\/2589"}],"wp:attachment":[{"href":"https:\/\/verdinofoods.com\/ro\/wp-json\/wp\/v2\/media?parent=1625"}],"curies":[{"name":"wp","href":"https:\/\/api.w.org\/{rel}","templated":true}]}}