{"id":197,"date":"2021-11-06T22:26:11","date_gmt":"2021-11-06T22:26:11","guid":{"rendered":"http:\/\/unfished.localhost\/?page_id=197"},"modified":"2024-05-21T12:17:22","modified_gmt":"2024-05-21T12:17:22","slug":"termeni-si-conditii","status":"publish","type":"page","link":"https:\/\/verdinofoods.com\/ro\/termeni-si-conditii\/","title":{"rendered":"Termeni \u0219i Condi\u021bii"},"content":{"rendered":"<div class=\"article-teaser clearfix\">\n<p><strong>Not\u0103 de informare cu privire la prelucrarea \u0219i utilizarea datelor dumneavoastr\u0103 cu caracter personal \u00een contexul aplic\u0103rii pentru un post disponibil \u00een cadrul Verdino Green Foods SRL<\/strong><\/p>\n<p><strong>I. Despre Noi<\/strong><br \/>\nVizitarea, folosirea sau aplicarea pentru un post disponibil pe site-ul https:\/\/verdinofoods.com\/ implic\u0103 acceptarea Condi\u021biilor de utilizare ce vor fi detaliate mai jos. Pentru folosirea \u00een bune condi\u021bii a site-ului, se recomand\u0103 citirea cu aten\u021bie a Termenilor \u0219i Condi\u021biilor.<br \/>\nServiciul https:\/\/verdinofoods.com\/ este administrat de S.C. Verdino Green Foods S.R.L. cu sediul \u00een DN 1 KM. 392+600, Loc. Oiejdea, Com. Galda de Jos, Alba, \u00eenregistrat\u0103 la Registrul Comer\u021bului cu nr. J01\/1060\/2017, cod unic de \u00eenregistrare RO37996090, denumit\u0103 \u00een cele ce urmeaz\u0103 Societatea.<\/p>\n<p>Ne pute\u021bi contacta prin urm\u0103toarele mijloace:<\/p>\n<p>Prin po\u0219ta la adresa de coresponden\u021b\u0103: DN1, Km 392+600, Oiejdea.<br \/>\nPrin e-mail la: salut@verdinofoods.com &#8211; pentru ini\u021biere colabor\u0103ri \u0219i parteneriate.<br \/>\nPrin telefon la num\u0103rul: +40 372 389 305<\/p>\n<p>Verdino Green Foods SRL v\u0103 informeaz\u0103 cu privire la prelucrarea datelor dumneavoastr\u0103 cu caracter personal \u00een contextul aplic\u0103rii pentru un post disponibil \u00een cadrul companiei. Ve\u021bi g\u0103si detaliile necesare cu privire la posturile la care aplica\u021bi \u00een anun\u021burile de promovare a acestora.<\/p>\n<p><strong>II. Aplicarea pentru un post<\/strong><br \/>\nSite-ul Verdino poate fi accesat \u00een mod gratuit, iar simpla navigare \u00een paginile acestuia nu este condi\u021bionat\u0103 de \u00eenregistrarea ca utilizator (crearea unui cont de utilizator pe Site). Aplicarea pentru un post disponibil pe websiteul Verdino presupune acceptarea prealabil\u0103 de c\u0103tre dvs. a Termenilor \u0219i Condi\u021biilor de utilizare a Verdino si a Politicii de Confidentialitate a acestuia. Aceste reglement\u0103ri constituie baza contractuala a raporturilor dintre utilizatori si Societate.<br \/>\nNe rezerv\u0103m dreptul de a efectua modific\u0103ri ale acestor Termeni \u0219i Condi\u021bii si ale Politicii de Confidentialitate precum \u0219i orice modific\u0103ri site-ului https:\/\/verdinofoods.com\/ f\u0103r\u0103 o notificare prealabil\u0103. Acces\u00e2nd pagina Termeni \u0219i Condi\u021bii, pute\u021bi citi \u00eentotdeauna cea mai recent\u0103 versiune a acestor prevederi.<br \/>\nDac\u0103 nu sunte\u021bi de acord cu condi\u021biile de utilizare care implic\u0103 \u0219i prelucrarea datelor cu caracter personal de c\u0103tre S.C. Verdino Green Foods S.R.L., v\u0103 rug\u0103m s\u0103 nu utiliza\u021bi acest site.<\/p>\n<p>Prin publicarea posturilor disponibile, compania Verdino Green Foods este responsabil\u0103 pentru prelucrarea datelor dumneavoastr\u0103 cu caracter personal, \u00een calitate de operator de date cu caracter personal, conform normelor specifice privind protec\u021bia datelor, \u00een special a Regulamentului (UE) 2016\/679 privind protec\u021bia persoanelor fizice \u00een ceea ce prive\u0219te prelucrarea datelor cu caracter personal \u0219i libera circula\u021bie a acestor date, denumit \u00een continuare \u201eRGPD\u201d.<\/p>\n<p>&nbsp;<\/p>\n<p>Categoriile de date cu caracter personal prelucrate includ, \u00een special, numele dumneavoastr\u0103, datele de contact, data \u0219i locul na\u0219terii, sexul, starea civil\u0103, na\u021bionalitatea, date referitoare la calificare, diplome \u0219i alte documente de candidatur\u0103. Prelucr\u0103m categorii speciale de date cu caracter personal (spre exemplu: confesiunea religioas\u0103), numai cu consim\u021b\u0103m\u00e2ntul dumneavoastr\u0103, \u00een cazul \u00een care ne furniza\u021bi acest\u0103 informa\u021bie prin formularul de aplicare. \u00cen situa\u021bia \u00een care ve\u021bi fi selectat pentru ocuparea postului la care aplica\u021bi, datele dumneavoastr\u0103 cu caracter special vor fi prelucrate potrivit art. 9 alin. 2 lit. b) din RGPD. \u00cen plus, pe parcursul procesului de selec\u021bie, putem prelucra date cu caracter personal ob\u021binute, \u00een mod legitim, din surse publice (de exemplu: re\u021bele profesionale).<\/p>\n<p>\u00cen conformitate cu prevederile legale, v\u0103 prelucr\u0103m datele cu caracter personal exclusiv \u00een scopul desf\u0103\u0219ur\u0103rii procesului de selec\u021bie pentru postul la care a\u021bi aplicat. Prelucrarea datelor cu caracter personal are ca scop selectarea personalului, iar temeiul legal pentru aceast\u0103 prelucrare \u00eel constituie art. 6 alin. 1 lit. b) din RGPD. Datele dumneavoastr\u0103 cu caracter personal pot fi, de asemenea, prelucrate cu regularitate \u00een scop statistic. Acest lucru este efectuat, \u00een general, anonim. Datele dumneavoastr\u0103 cu caracter personal nu vor fi folosite \u00een alte scopuri (de exemplu: \u00een scop de marketing).<\/p>\n<p>Dac\u0103 ve\u021bi fi invitat s\u0103 participa\u021bi la interviu vom prelucra \u0219i alte categorii de date pe care dumneavoastr\u0103 ni le ve\u021bi furniza \u00een mod direct, precum \u0219i datele ob\u021binute \u00een urma efectu\u0103rii unor test\u0103ri de evaluare a aptitudinilor, abilit\u0103\u021bilor sau tr\u0103s\u0103turilor dumneavoastr\u0103 psihologice.<\/p>\n<p>Destinatarii datelor dumneavoastr\u0103 cu caracter personal, men\u021bionate mai sus, sunt managerii departamentului responsabil pentru ocuparea postului disponibil \u0219i persoanele responsabile din departamentul Resurse Umane. \u00cen cadrul companiei, datele dumneavoastr\u0103 pot fi vizualizate de c\u0103tre to\u021bi managerii, care caut\u0103 o persoan\u0103 potrivit\u0103 pentru un post disponibil, dac\u0103 a\u021bi optat pentru o aplicare f\u0103r\u0103 specificarea postului dorit. Pe l\u00e2ng\u0103 toate acestea, am contractat un furnizor de servicii IT pentru operarea \u0219i mentenan\u021ba acestui sistem IT.<\/p>\n<p>Durata prelucr\u0103rii \u2013 limit\u0103m stocarea datelor dumneavoastr\u0103 cu caracter personal la perioada de timp necesar\u0103 prelucr\u0103rii \u00een scopul pentru care au fost colectate. Astfel, \u00een mod regulat, \u0219tergem datele dumneavoastr\u0103 cu caracter personal dup\u0103 cum urmeaz\u0103:<\/p>\n<ul>\n<li>Profilul creat r\u0103m\u00e2ne activ at\u00e2ta timp c\u00e2t sunte\u021bi \u00een procesul de selec\u021bie pentru un post disponibil. Dup\u0103 ce procesul a fost finalizat, profilul dumneavoastr\u0103 va fi \u0219ters dup\u0103 o perioad\u0103 de 12 luni de la acesta dat\u0103.<\/li>\n<li>Datele aplica\u021biilor dumneavoastr\u0103 pentru angajare vor fi \u0219terse dup\u0103 o perioad\u0103 de 6 luni de la finalizarea procesului de selec\u021bie \u00een cauz\u0103.<\/li>\n<\/ul>\n<p>&nbsp;<\/p>\n<p>\u00cen contextul prelucr\u0103rii datelor dumneavoastr\u0103 cu caracter personal, ave\u021bi urm\u0103toarele drepturi:<\/p>\n<ul>\n<li>Dreptul de acces la date \u2013 ne pute\u021bi solicita informa\u021bii cu privire la datele dumneavoastr\u0103 cu caracter personal pe care le prelucr\u0103m, precum \u0219i orice alte informa\u021bii enumerate \u00een detaliu la art. 15 din RGPD.<\/li>\n<li>Dreptul la rectificarea datelor \u2013 ne pute\u021bi solicita corectarea datele dumneavoastr\u0103 cu caracter personal incorecte \u0219i, dac\u0103 este necesar, s\u0103 complet\u0103m datele cu caracter personal incomplete, potrivit art. 16 din RGPD.<\/li>\n<li>Dreptul de a v\u0103 retrage consim\u021b\u0103m\u00e2ntul cu privire la prelucrare, f\u0103r\u0103 ca acest lucru s\u0103 afecteze legalitatea prelucr\u0103rii efectuate p\u00e2n\u0103 la momentul respectiv.<\/li>\n<li>Dreptul la \u0219tergerea datelor (\u201edreptul de a fi uitat\u201d) \u2013 ne pute\u021bi solicita s\u0103 \u0219tergem datele cu caracter personal care v\u0103 privesc, \u00een m\u0103sura \u00een care acestea nu mai sunt necesare pentru procesul de selec\u021bie \u0219i nici pentru respectarea obliga\u021biilor legale. Motivele specifice sunt prev\u0103zute \u00een detaliu la art. 17 din RGPD.<\/li>\n<li>Dreptul la restric\u021bionarea prelucr\u0103rii datelor dumneavoastr\u0103 cu caracter personal dac\u0103 este \u00eendeplinit\u0103 una dintre condi\u021biile stabilite \u00een art. 18 din RGPD (de exemplu: \u00een cazul \u00een care a\u021bi contestat exactitatea datelor, pentru intervalul de timp \u00een care compania face verific\u0103ri \u00een acest sens).<\/li>\n<li>Dreptul la portabilitatea datelor \u2013 ne pute\u021bi solicita transmiterea datelor pe care ni le-a\u021bi furnizat electronic c\u0103tre al\u021bi operatori, prin acelea\u0219i mijloace \u00een care acestea au fost transmise, potrivit art. 20 din RGPD.<\/li>\n<li>Dreptul de a nu face obiectul unei decizii bazate exclusiv pe prelucrarea automat\u0103, inclusiv crearea de profiluri, care produce efecte juridice care v\u0103 privesc sau v\u0103 afecteaz\u0103 \u00een mod similar, potrivit art. 22 din RGPD.<\/li>\n<li>Dreptul la opozi\u021bie \u2013 ave\u021bi dreptul s\u0103 v\u0103 opune\u021bi \u00een orice moment prelucr\u0103rii datelor dumneavoastr\u0103 cu caracter personal pentru motive ce \u021bin de situa\u021bia particular\u0103 \u00een care v\u0103 afla\u021bi, potrivit art. 21 din RGPD, iar noi nu vom mai prelucra datele dumneavoastr\u0103 cu caracter personal dac\u0103 nu mai avem motive legitime pentru prelucrare (exemplu de motiv legitim: exercitarea sau ap\u0103rarea unui drept \u00een instan\u021b\u0103, potrivit art. 17 alin. 3 lit e) din RGPD.<\/li>\n<\/ul>\n<p>\u00cen cazul \u00een care considera\u021bi c\u0103 prelucrarea datelor dumneavoastr\u0103 cu caracter personal \u00eencalc\u0103 prevederile Regulamentului UE 2016\/679 sau alte legi, ave\u021bi dreptul de a formula o cerere la adresa salut@verdinofoods.com, precum \u0219i la autoritatea de supraveghere. Totodat\u0103, ave\u021bi dreptul de a v\u0103 adresa cu ac\u021biune \u00een instan\u021b\u0103 atunci c\u00e2nd considera\u021bi ca drepturile dumneavoastr\u0103 sunt \u00eenc\u0103lcate.<\/p>\n<p>V\u0103 exprima\u021bi consim\u021b\u0103m\u00e2ntul expres ca datele dumneavoastr\u0103 cu caracter personal furnizate ca urmare a aplic\u0103rii pentru un post s\u0103 poat\u0103 fi folosite, \u00een scop de recrutare, de c\u0103tre to\u021bi managerii \u0219i persoanele responsabile din departamentul de Resurse Umane, din cadrul societ\u0103\u021bii, dac\u0103 a\u021bi aplicat, de asemenea, \u0219i f\u0103r\u0103 a specifica postul dorit. \u00cen acela\u0219i timp, prin aplicarea pentru un post disponibil confirma\u021bi c\u0103 datele dumneavoastr\u0103 sunt reale. V\u0103 aducem la cuno\u0219tin\u021b\u0103 c\u0103 informa\u021biile false pot afecta posibilitatea \u00eencheierii unei rela\u021bii de munc\u0103.<\/p>\n<\/div>\n","protected":false},"excerpt":{"rendered":"<p>Not\u0103 de informare cu privire la prelucrarea \u0219i utilizarea datelor dumneavoastr\u0103 cu caracter personal \u00een contexul aplic\u0103rii pentru un post disponibil \u00een cadrul Verdino Green Foods SRL I. Despre Noi Vizitarea, folosirea sau aplicarea pentru un post disponibil pe site-ul https:\/\/verdinofoods.com\/ implic\u0103 acceptarea Condi\u021biilor de utilizare ce vor fi detaliate mai jos. Pentru folosirea \u00een [&hellip;]<\/p>\n","protected":false},"author":3,"featured_media":0,"parent":0,"menu_order":0,"comment_status":"closed","ping_status":"closed","template":"","meta":{"_acf_changed":false,"footnotes":""},"class_list":["post-197","page","type-page","status-publish","hentry"],"acf":[],"_links":{"self":[{"href":"https:\/\/verdinofoods.com\/ro\/wp-json\/wp\/v2\/pages\/197","targetHints":{"allow":["GET"]}}],"collection":[{"href":"https:\/\/verdinofoods.com\/ro\/wp-json\/wp\/v2\/pages"}],"about":[{"href":"https:\/\/verdinofoods.com\/ro\/wp-json\/wp\/v2\/types\/page"}],"author":[{"embeddable":true,"href":"https:\/\/verdinofoods.com\/ro\/wp-json\/wp\/v2\/users\/3"}],"replies":[{"embeddable":true,"href":"https:\/\/verdinofoods.com\/ro\/wp-json\/wp\/v2\/comments?post=197"}],"version-history":[{"count":2,"href":"https:\/\/verdinofoods.com\/ro\/wp-json\/wp\/v2\/pages\/197\/revisions"}],"predecessor-version":[{"id":1620,"href":"https:\/\/verdinofoods.com\/ro\/wp-json\/wp\/v2\/pages\/197\/revisions\/1620"}],"wp:attachment":[{"href":"https:\/\/verdinofoods.com\/ro\/wp-json\/wp\/v2\/media?parent=197"}],"curies":[{"name":"wp","href":"https:\/\/api.w.org\/{rel}","templated":true}]}}